{"id":2143,"date":"2016-01-19T18:35:18","date_gmt":"2016-01-19T17:35:18","guid":{"rendered":"https:\/\/fpf.lu\/umgang-mit-der-asche-von-verstorbenen\/"},"modified":"2024-09-06T10:45:40","modified_gmt":"2024-09-06T08:45:40","slug":"umgang-mit-der-asche-von-verstorbenen","status":"publish","type":"page","link":"https:\/\/fpf.lu\/de\/umgang-mit-der-asche-von-verstorbenen\/","title":{"rendered":"Umgang mit der Asche von Verstorbenen"},"content":{"rendered":"<div class=\"fusion-fullwidth fullwidth-box fusion-builder-row-1 fusion-flex-container nonhundred-percent-fullwidth non-hundred-percent-height-scrolling\" style=\"--awb-background-position:left top;--awb-border-radius-top-left:0px;--awb-border-radius-top-right:0px;--awb-border-radius-bottom-right:0px;--awb-border-radius-bottom-left:0px;--awb-padding-top:90px;--awb-padding-right:15%;--awb-padding-bottom:105px;--awb-padding-left:15%;--awb-border-sizes-top:0px;--awb-border-sizes-bottom:0px;--awb-flex-wrap:wrap;\" ><div class=\"fusion-builder-row fusion-row fusion-flex-align-items-flex-start fusion-flex-content-wrap\" style=\"max-width:calc( 1100px + 0px );margin-left: calc(-0px \/ 2 );margin-right: calc(-0px \/ 2 );\"><div class=\"fusion-layout-column fusion_builder_column fusion-builder-column-0 fusion_builder_column_1_1 1_1 fusion-flex-column fusion-flex-align-self-flex-start fusion-column-no-min-height\" style=\"--awb-bg-size:cover;--awb-width-large:100%;--awb-margin-top-large:0px;--awb-spacing-right-large:0px;--awb-margin-bottom-large:0px;--awb-spacing-left-large:0px;--awb-width-medium:100%;--awb-spacing-right-medium:0px;--awb-spacing-left-medium:0px;--awb-width-small:100%;--awb-spacing-right-small:0px;--awb-spacing-left-small:0px;\"><div class=\"fusion-column-wrapper fusion-flex-justify-content-flex-start fusion-content-layout-column\"><div class=\"fusion-text fusion-text-1\"><h3>Umgang mit der Asche von Verstorbenen:<\/h3>\n<\/div><div class=\"fusion-text fusion-text-2\"><p>Heutzutage ist die Ein\u00e4scherung eine Alternative zur traditionellen Erdbestattung, aber das war nicht immer der Fall. Erst seit der Aufhebung des Ein\u00e4scherungsverbots durch ein Dekret des Heiligen Offiziums der Katholischen Kirche im Jahr 1963 ist eine Zunahme dieser Bestattungsform zu verzeichnen. Im Jahr 1972 lie\u00df die luxemburgische Gesetzgebung die Ein\u00e4scherung von sterblichen \u00dcberresten zu und stellte sie der Erdbestattung gleich.   1995 wurde das \u201eKrematorium von Luxemburg\u201c, das zum \u201eSyndicat intercommunal pour la construction et l&#8217;exploitation d&#8217;un cr\u00e9matoire (S.I.C.E.C.)\u201c geh\u00f6rte, er\u00f6ffnet, was zu einem Umdenken in der Bev\u00f6lkerung f\u00fchrte. Jeder, der den Wunsch hat, nach seinem Tod einge\u00e4schert zu werden, kann seine Vorkehrungen f\u00fcr das Lebensende bei einem Bestattungsunternehmen treffen, ohne Mitglied in einem Verein sein zu m\u00fcssen. In Luxemburg ist die Asche unteilbar und darf nicht zu Hause aufbewahrt werden. Dennoch kann sie:<br \/>1) Beerdigt werden (mit Urne) <\/p>\n<ul>\n<li>in einem Familiengrab<\/li>\n<li>in einem Kolumbariumsfeld oder einem Urnengrab<\/li>\n<\/ul>\n<p> 2) Beigesetzt werden (ohne Urne) <\/p>\n<ul>\n<li>an einem Baum in einem Waldfriedhof<\/li>\n<\/ul>\n<p> 3) verstreut werden <\/p>\n<ul>\n<li>im \u201eGarten der Erinnerung\u201c im Krematorium Hamm<\/li>\n<li>auf dem Waldfriedhof<\/li>\n<li>auf einer Streugrasfl\u00e4che der Wohngemeinde, wenn diese \u00fcber eine solche verf\u00fcgt<\/li>\n<li>auf einem privaten Grundst\u00fcck, sofern der B\u00fcrgermeister der betreffenden Gemeinde vorher seine Zustimmung gegeben hat<\/li>\n<li>in der Nordsee, dem Mittelmeer oder dem Ostatlantik.<\/li>\n<\/ul>\n<p> 4) Verarbeitet werden <\/p>\n<ul>\n<li>je nach Wunsch in einen oder mehrere Diamanten umgewandelt. Diese Umwandlung wird von spezialisierten Unternehmen durchgef\u00fchrt. <\/li>\n<\/ul>\n<\/div><div class=\"fusion-separator fusion-full-width-sep\" style=\"align-self: center;margin-left: auto;margin-right: auto;margin-top:35px;margin-bottom:55px;width:100%;\"><div class=\"fusion-separator-border sep-single sep-solid\" style=\"--awb-height:20px;--awb-amount:20px;--awb-sep-color:#e0e0e0;border-color:#e0e0e0;border-top-width:1px;\"><\/div><\/div><\/div><\/div><\/div><\/div>\n","protected":false},"excerpt":{"rendered":"","protected":false},"author":1,"featured_media":0,"parent":0,"menu_order":0,"comment_status":"closed","ping_status":"closed","template":"","meta":{"_bbp_topic_count":0,"_bbp_reply_count":0,"_bbp_total_topic_count":0,"_bbp_total_reply_count":0,"_bbp_voice_count":0,"_bbp_anonymous_reply_count":0,"_bbp_topic_count_hidden":0,"_bbp_reply_count_hidden":0,"_bbp_forum_subforum_count":0,"_exactmetrics_skip_tracking":false,"_exactmetrics_sitenote_active":false,"_exactmetrics_sitenote_note":"","_exactmetrics_sitenote_category":0,"footnotes":""},"class_list":["post-2143","page","type-page","status-publish","hentry"],"_links":{"self":[{"href":"https:\/\/fpf.lu\/de\/wp-json\/wp\/v2\/pages\/2143","targetHints":{"allow":["GET"]}}],"collection":[{"href":"https:\/\/fpf.lu\/de\/wp-json\/wp\/v2\/pages"}],"about":[{"href":"https:\/\/fpf.lu\/de\/wp-json\/wp\/v2\/types\/page"}],"author":[{"embeddable":true,"href":"https:\/\/fpf.lu\/de\/wp-json\/wp\/v2\/users\/1"}],"replies":[{"embeddable":true,"href":"https:\/\/fpf.lu\/de\/wp-json\/wp\/v2\/comments?post=2143"}],"version-history":[{"count":5,"href":"https:\/\/fpf.lu\/de\/wp-json\/wp\/v2\/pages\/2143\/revisions"}],"predecessor-version":[{"id":2177,"href":"https:\/\/fpf.lu\/de\/wp-json\/wp\/v2\/pages\/2143\/revisions\/2177"}],"wp:attachment":[{"href":"https:\/\/fpf.lu\/de\/wp-json\/wp\/v2\/media?parent=2143"}],"curies":[{"name":"wp","href":"https:\/\/api.w.org\/{rel}","templated":true}]}}