{"id":2049,"date":"2016-08-04T10:26:31","date_gmt":"2016-08-04T08:26:31","guid":{"rendered":"https:\/\/fpf.lu\/unsere-sponsoren\/"},"modified":"2024-08-14T11:34:48","modified_gmt":"2024-08-14T09:34:48","slug":"unsere-sponsoren","status":"publish","type":"page","link":"https:\/\/fpf.lu\/de\/unsere-sponsoren\/","title":{"rendered":"UNSERE SPONSOREN"},"content":{"rendered":"<p>&nbsp;<\/p>\n<h3><strong>UNSERE SPONSOREN:<\/strong><\/h3>\n<div class=\"fusion-fullwidth fullwidth-box fusion-builder-row-1 fusion-flex-container hundred-percent-fullwidth non-hundred-percent-height-scrolling\" style=\"--awb-border-radius-top-left:0px;--awb-border-radius-top-right:0px;--awb-border-radius-bottom-right:0px;--awb-border-radius-bottom-left:0px;--awb-overflow:visible;--awb-flex-wrap:wrap;\" ><div class=\"fusion-builder-row fusion-row fusion-flex-align-items-flex-start fusion-flex-content-wrap\" style=\"width:calc( 100% + 0px ) !important;max-width:calc( 100% + 0px ) !important;margin-left: calc(-0px \/ 2 );margin-right: calc(-0px \/ 2 );\"><div class=\"fusion-layout-column fusion_builder_column fusion-builder-column-0 fusion_builder_column_1_1 1_1 fusion-flex-column fusion-flex-align-self-flex-start fusion-column-no-min-height\" style=\"--awb-bg-size:cover;--awb-width-large:100%;--awb-margin-top-large:0px;--awb-spacing-right-large:0px;--awb-margin-bottom-large:0px;--awb-spacing-left-large:0px;--awb-width-medium:100%;--awb-spacing-right-medium:0px;--awb-spacing-left-medium:0px;--awb-width-small:100%;--awb-spacing-right-small:0px;--awb-spacing-left-small:0px;\"><div class=\"fusion-column-wrapper fusion-flex-justify-content-flex-start fusion-content-layout-column\">\n<table id=\"tablepress-SPONSORS\" class=\"tablepress tablepress-id-SPONSORS\">\n<thead>\n<tr class=\"row-1\">\n\t<td class=\"column-1\"><\/td><th class=\"column-2\">Entreprise<\/th><th class=\"column-3\">Pr\u00e9sentation<\/th><th class=\"column-4\">Adresse<\/th><th class=\"column-5\">Site internet<\/th>\n<\/tr>\n<\/thead>\n<tbody class=\"row-striping row-hover\">\n<tr class=\"row-2\">\n\t<td class=\"column-1\"><img decoding=\"async\" src=\"https:\/\/fpf.lu\/wp-content\/uploads\/2026\/04\/editpress-logo.png\" alt=\"\" width=\"134\" height=\"25\" class=\"alignnone size-full wp-image-2334\" \/><\/td><td class=\"column-2\">Editpress Luxembourg SA<\/td><td class=\"column-3\"><\/td><td class=\"column-4\">7 Avenue du Rock\u2019n Roll<br \/>\nL-4361 Esch-sur-Alzette<\/td><td class=\"column-5\"><a href=\"https:\/\/www.tageblatt.lu\" target=\"_blank\" rel=\"noopener\">Tageblatt.lu<\/a><\/td>\n<\/tr>\n<tr class=\"row-3\">\n\t<td class=\"column-1\"><img decoding=\"async\" src=\"https:\/\/fpf.lu\/wp-content\/uploads\/2024\/09\/Logo_Funico.jpg\" alt=\"\" width=\"134\" height=\"25\" class=\"alignnone size-full wp-image-1971\" \/><\/td><td class=\"column-2\">Funico<\/td><td class=\"column-3\">Le groupe FUNICO est actif dans la production et la vente de cercueils et d'accessoires fun\u00e9raires. Depuis plus de 55 ans au service des pompes-fun\u00e8bres, FUNICO est pr\u00e9sent dans divers pays d'Europe. <br \/>\nFUNICO s'efforce de proposer des gammes de produits et de services adapt\u00e9s aux demandes des familles et sans cesse renouvel\u00e9es. Travailler avec FUNICO c'est b\u00e9n\u00e9ficier de la force d'une structure qui poss\u00e8de deux usines de production et dix d\u00e9p\u00f4ts logistiques. <br \/>\nChoisir FUNICO c'est aussi avoir \u00e0 disposition les outils informatiques actuels, tels que: les commandes online, un web shop, un configurateur ou encore une gestion des stocks \u00e0 distance.<br \/>\nN'h\u00e9sitez pas \u00e0 nous contacter via l'adresse info@funico.fr<\/td><td class=\"column-4\">165 Route de Courri\u00e8res<br \/>\nF - 62220 Carvin<\/td><td class=\"column-5\"><a href=\"https:\/\/www.funico.fr\" target=\"_blank\" rel=\"noopener\">funico.fr<\/a><\/td>\n<\/tr>\n<tr class=\"row-4\">\n\t<td class=\"column-1\"><img decoding=\"async\" src=\"https:\/\/fpf.lu\/wp-content\/uploads\/2026\/04\/Sternspuren-logo.jpg\" alt=\"\" width=\"134\" height=\"25\" class=\"alignnone size-full wp-image-2337\" \/><\/td><td class=\"column-2\">Sternspuren \u2013 Sabine M\u00f6ller<\/td><td class=\"column-3\">STERNSPUREN ist eine Manufaktur, die Angeh\u00f6rigen eine \u201egreifbare\u201c Erinnerung bietet und sich f\u00fcr eine zeitgem\u00e4\u00dfe Bestattungskultur in Verbindung mit den \u201ealten\u201c Handwerksk\u00fcnsten einsetzt.<br \/>\nGemeinsam mit den Glasdesignern werden wundersch\u00f6ne Erinnerungsobjekte gefertigt. Ein kleiner Teil der Asche wird mit dem fl\u00fcssigen Glas verschmolzen und anschlie\u00dfend in Handarbeit zu dem gew\u00fcnschten Kristall f\u00fcr die Hinterbliebenen geformt. Jeder dieser Kristalle ist in Kombination der verschiedenen Materialien ein Unikat \u2013 ob als Schmuckst\u00fcck oder Skulptur.<\/td><td class=\"column-4\">Breite Str. 125<br \/>\nD-38667 Bad Harzburg<\/td><td class=\"column-5\"><a href=\"https:\/\/www.sternspuren.de\" target=\"_blank\" rel=\"noopener\">Sternspuren.de<\/a><\/td>\n<\/tr>\n<tr class=\"row-5\">\n\t<td class=\"column-1\"><img decoding=\"async\" src=\"https:\/\/fpf.lu\/wp-content\/uploads\/2026\/04\/Blummeland_Logo.jpg\" alt=\"\" width=\"134\" height=\"25\" class=\"alignnone size-full wp-image-2339\" \/><\/td><td class=\"column-2\">Blummeland<\/td><td class=\"column-3\"><\/td><td class=\"column-4\">93, Rue de l\u2019Alzette                                       L-4011 Esch-sur-Alzette<\/td><td class=\"column-5\"><a href=\"https:\/\/www.blummeland.lu\" target=\"_blank\" rel=\"noopener\">Blummeland.lu<\/a><\/td>\n<\/tr>\n<tr class=\"row-6\">\n\t<td class=\"column-1\"><img decoding=\"async\" src=\"https:\/\/fpf.lu\/wp-content\/uploads\/2024\/09\/Fleurs-Klopp.jpg\" alt=\"\" width=\"134\" height=\"25\" class=\"alignnone size-full wp-image-1971\" \/><\/td><td class=\"column-2\">Fleurs Klopp<\/td><td class=\"column-3\"><\/td><td class=\"column-4\">5, Avenue de la Fa\u00efencerie<br \/>\nL - 1510 Luxembourg<\/td><td class=\"column-5\"><a href=\"https:\/\/www.justflowers.lu\" target=\"_blank\" rel=\"noopener\">justflowers.lu<\/a><\/td>\n<\/tr>\n<tr class=\"row-7\">\n\t<td class=\"column-1\"><img decoding=\"async\" src=\"https:\/\/fpf.lu\/wp-content\/uploads\/2024\/09\/granite-platz.png\" alt=\"\" width=\"134\" height=\"25\" class=\"alignnone size-full wp-image-1971\" \/><\/td><td class=\"column-2\">Granite Platz &amp; Co.<\/td><td class=\"column-3\"><\/td><td class=\"column-4\">66, Rue de Pr\u00e9s<br \/>\nL - 7333 Steinsel<\/td><td class=\"column-5\"><a href=\"https:\/\/www.granite-platz.lu\" target=\"_blank\" rel=\"noopener\">granite-platz.lu<\/a><\/td>\n<\/tr>\n<tr class=\"row-8\">\n\t<td class=\"column-1\"><img decoding=\"async\" src=\"https:\/\/fpf.lu\/mrbg-logo_cmyk-sponsoring-positiv\/\" alt=\"\" width=\"134\" height=\"25\" class=\"alignnone size-full wp-image-1971\" \/><\/td><td class=\"column-2\">Merbag Luxembourg SA<\/td><td class=\"column-3\"><\/td><td class=\"column-4\">Site Leudelange<br \/>\n3 rue Nicolas Brosius<br \/>\nL - 3372 Leudelange<\/td><td class=\"column-5\"><a href=\"https:\/\/www.merbag.lu\" target=\"_blank\" rel=\"noopener\">merbag.lu<\/a><\/td>\n<\/tr>\n<tr class=\"row-9\">\n\t<td class=\"column-1\"><img decoding=\"async\" src=\"https:\/\/fpf.lu\/wp-content\/uploads\/2026\/04\/Mediahuis.png\" alt=\"\" width=\"134\" height=\"25\" class=\"alignnone size-full wp-image-2341\" srcset=\"https:\/\/fpf.lu\/wp-content\/uploads\/2026\/04\/Mediahuis-200x36.png 200w, https:\/\/fpf.lu\/wp-content\/uploads\/2026\/04\/Mediahuis-300x54.png 300w, https:\/\/fpf.lu\/wp-content\/uploads\/2026\/04\/Mediahuis-400x72.png 400w, https:\/\/fpf.lu\/wp-content\/uploads\/2026\/04\/Mediahuis.png 527w\" sizes=\"(max-width: 134px) 100vw, 134px\" \/><\/td><td class=\"column-2\">Mediahuis Luxembourg<\/td><td class=\"column-3\"><\/td><td class=\"column-4\">31, rue de Hollerich<br \/>\nL-1741 Luxembourg<\/td><td class=\"column-5\"><a href=\"https:\/\/www.mediahuis.lu\" target=\"_blank\" rel=\"noopener\">Mediahuis.lu<\/a><\/td>\n<\/tr>\n<\/tbody>\n<\/table>\n<!-- #tablepress-SPONSORS from cache --><\/div><\/div><\/div><\/div>\n","protected":false},"excerpt":{"rendered":"<p>&nbsp; UNSERE SPONSOREN:<\/p>\n","protected":false},"author":1,"featured_media":0,"parent":0,"menu_order":0,"comment_status":"closed","ping_status":"closed","template":"100-width.php","meta":{"_bbp_topic_count":0,"_bbp_reply_count":0,"_bbp_total_topic_count":0,"_bbp_total_reply_count":0,"_bbp_voice_count":0,"_bbp_anonymous_reply_count":0,"_bbp_topic_count_hidden":0,"_bbp_reply_count_hidden":0,"_bbp_forum_subforum_count":0,"_exactmetrics_skip_tracking":false,"_exactmetrics_sitenote_active":false,"_exactmetrics_sitenote_note":"","_exactmetrics_sitenote_category":0,"footnotes":""},"class_list":["post-2049","page","type-page","status-publish","hentry"],"_links":{"self":[{"href":"https:\/\/fpf.lu\/de\/wp-json\/wp\/v2\/pages\/2049","targetHints":{"allow":["GET"]}}],"collection":[{"href":"https:\/\/fpf.lu\/de\/wp-json\/wp\/v2\/pages"}],"about":[{"href":"https:\/\/fpf.lu\/de\/wp-json\/wp\/v2\/types\/page"}],"author":[{"embeddable":true,"href":"https:\/\/fpf.lu\/de\/wp-json\/wp\/v2\/users\/1"}],"replies":[{"embeddable":true,"href":"https:\/\/fpf.lu\/de\/wp-json\/wp\/v2\/comments?post=2049"}],"version-history":[{"count":2,"href":"https:\/\/fpf.lu\/de\/wp-json\/wp\/v2\/pages\/2049\/revisions"}],"predecessor-version":[{"id":2051,"href":"https:\/\/fpf.lu\/de\/wp-json\/wp\/v2\/pages\/2049\/revisions\/2051"}],"wp:attachment":[{"href":"https:\/\/fpf.lu\/de\/wp-json\/wp\/v2\/media?parent=2049"}],"curies":[{"name":"wp","href":"https:\/\/api.w.org\/{rel}","templated":true}]}}