{"id":2035,"date":"2016-01-19T17:28:25","date_gmt":"2016-01-19T16:28:25","guid":{"rendered":"https:\/\/fpf.lu\/aktivitaeten\/"},"modified":"2024-09-06T10:58:14","modified_gmt":"2024-09-06T08:58:14","slug":"aktivitaeten","status":"publish","type":"page","link":"https:\/\/fpf.lu\/de\/aktivitaeten\/","title":{"rendered":"AKTIVIT\u00c4TEN"},"content":{"rendered":"<div class=\"fusion-fullwidth fullwidth-box fusion-builder-row-1 fusion-flex-container nonhundred-percent-fullwidth non-hundred-percent-height-scrolling\" style=\"--awb-background-position:left top;--awb-border-sizes-top:0px;--awb-border-sizes-bottom:0px;--awb-border-sizes-left:0px;--awb-border-sizes-right:0px;--awb-border-radius-top-left:0px;--awb-border-radius-top-right:0px;--awb-border-radius-bottom-right:0px;--awb-border-radius-bottom-left:0px;--awb-padding-top:90px;--awb-padding-right:15%;--awb-padding-bottom:105px;--awb-padding-left:15%;--awb-flex-wrap:wrap;\" ><div class=\"fusion-builder-row fusion-row fusion-flex-align-items-flex-start fusion-flex-content-wrap\" style=\"max-width:1144px;margin-left: calc(-4% \/ 2 );margin-right: calc(-4% \/ 2 );\"><div class=\"fusion-layout-column fusion_builder_column fusion-builder-column-0 fusion_builder_column_1_1 1_1 fusion-flex-column fusion-flex-align-self-flex-start fusion-column-no-min-height\" style=\"--awb-bg-size:cover;--awb-width-large:100%;--awb-margin-top-large:0px;--awb-spacing-right-large:1.92%;--awb-margin-bottom-large:0px;--awb-spacing-left-large:1.92%;--awb-width-medium:100%;--awb-spacing-right-medium:1.92%;--awb-spacing-left-medium:1.92%;--awb-width-small:100%;--awb-spacing-right-small:1.92%;--awb-spacing-left-small:1.92%;\"><div class=\"fusion-column-wrapper fusion-flex-justify-content-flex-start fusion-content-layout-column\"><div class=\"fusion-text fusion-text-1\"><h3>AKTIVIT\u00c4TEN DES VERBANDES:<\/h3>\n<\/div><div class=\"fusion-text fusion-text-2\"><ul>\n<li>Dank der Intervention des Verbandes beim Wettbewerbsrat gab die Stadt Luxemburg ihr Monopol auf den Transport von sterblichen \u00dcberresten auf ihrem Gebiet auf.<\/li>\n<\/ul>\n<ul>\n<li>Der Verband arbeitet aktiv mit den Akteuren des Sektors wie beispielsweise dem Gesundheitsministerium, dem Ministerium f\u00fcr nachhaltige Entwicklung und Infrastrukturen, dem Nationalen Gesundheitslabor, den Gemeinden oder auch dem Krematorium Luxemburg bei spezifischen Dossiers zusammen (Sterbeformulare, Transportbescheinigungen, Vorschriften f\u00fcr Leichenwagen, Sammlung von Daten zu den Standes\u00e4mtern usw.).<\/li>\n<\/ul>\n<ul>\n<li>Der Verband organisiert regelm\u00e4\u00dfig und in Zusammenarbeit mit Partnern wie der Groupe de Support Psychologique Informationsveranstaltungen.<\/li>\n<\/ul>\n<p>Bei der Erf\u00fcllung ihrer Aufgaben arbeitet die FPF eng mit der F\u00e9d\u00e9ration des Artisans zusammen. Deshalb k\u00f6nnen die Mitglieder der FPF eine Vielzahl von Dienstleistungen in Anspruch nehmen.<\/p>\n<\/div><div class=\"fusion-separator fusion-full-width-sep\" style=\"align-self: center;margin-left: auto;margin-right: auto;margin-top:35px;margin-bottom:55px;width:100%;\"><div class=\"fusion-separator-border sep-single sep-solid\" style=\"--awb-height:20px;--awb-amount:20px;--awb-sep-color:#e0e0e0;border-color:#e0e0e0;border-top-width:1px;\"><\/div><\/div><div class=\"fusion-separator fusion-full-width-sep\" style=\"align-self: center;margin-left: auto;margin-right: auto;margin-top:20px;margin-bottom:20px;width:100%;\"><\/div><\/div><\/div><\/div><\/div>\n","protected":false},"excerpt":{"rendered":"","protected":false},"author":1,"featured_media":0,"parent":0,"menu_order":0,"comment_status":"closed","ping_status":"closed","template":"100-width.php","meta":{"_bbp_topic_count":0,"_bbp_reply_count":0,"_bbp_total_topic_count":0,"_bbp_total_reply_count":0,"_bbp_voice_count":0,"_bbp_anonymous_reply_count":0,"_bbp_topic_count_hidden":0,"_bbp_reply_count_hidden":0,"_bbp_forum_subforum_count":0,"_exactmetrics_skip_tracking":false,"_exactmetrics_sitenote_active":false,"_exactmetrics_sitenote_note":"","_exactmetrics_sitenote_category":0,"footnotes":""},"class_list":["post-2035","page","type-page","status-publish","hentry"],"_links":{"self":[{"href":"https:\/\/fpf.lu\/de\/wp-json\/wp\/v2\/pages\/2035","targetHints":{"allow":["GET"]}}],"collection":[{"href":"https:\/\/fpf.lu\/de\/wp-json\/wp\/v2\/pages"}],"about":[{"href":"https:\/\/fpf.lu\/de\/wp-json\/wp\/v2\/types\/page"}],"author":[{"embeddable":true,"href":"https:\/\/fpf.lu\/de\/wp-json\/wp\/v2\/users\/1"}],"replies":[{"embeddable":true,"href":"https:\/\/fpf.lu\/de\/wp-json\/wp\/v2\/comments?post=2035"}],"version-history":[{"count":13,"href":"https:\/\/fpf.lu\/de\/wp-json\/wp\/v2\/pages\/2035\/revisions"}],"predecessor-version":[{"id":2182,"href":"https:\/\/fpf.lu\/de\/wp-json\/wp\/v2\/pages\/2035\/revisions\/2182"}],"wp:attachment":[{"href":"https:\/\/fpf.lu\/de\/wp-json\/wp\/v2\/media?parent=2035"}],"curies":[{"name":"wp","href":"https:\/\/api.w.org\/{rel}","templated":true}]}}