{"id":2032,"date":"2015-10-01T14:43:15","date_gmt":"2015-10-01T12:43:15","guid":{"rendered":"https:\/\/fpf.lu\/ehrenkodex\/"},"modified":"2024-09-06T11:53:29","modified_gmt":"2024-09-06T09:53:29","slug":"ehrenkodex","status":"publish","type":"page","link":"https:\/\/fpf.lu\/de\/ehrenkodex\/","title":{"rendered":"CHARTA"},"content":{"rendered":"<div class=\"fusion-fullwidth fullwidth-box fusion-builder-row-1 fusion-flex-container nonhundred-percent-fullwidth non-hundred-percent-height-scrolling\" style=\"--awb-background-position:left top;--awb-border-sizes-top:0px;--awb-border-sizes-bottom:0px;--awb-border-sizes-left:0px;--awb-border-sizes-right:0px;--awb-border-radius-top-left:0px;--awb-border-radius-top-right:0px;--awb-border-radius-bottom-right:0px;--awb-border-radius-bottom-left:0px;--awb-padding-top:90px;--awb-padding-right:15%;--awb-padding-bottom:105px;--awb-padding-left:15%;--awb-flex-wrap:wrap;\" ><div class=\"fusion-builder-row fusion-row fusion-flex-align-items-flex-start fusion-flex-content-wrap\" style=\"max-width:1144px;margin-left: calc(-4% \/ 2 );margin-right: calc(-4% \/ 2 );\"><div class=\"fusion-layout-column fusion_builder_column fusion-builder-column-0 fusion_builder_column_1_1 1_1 fusion-flex-column fusion-flex-align-self-flex-start fusion-column-no-min-height\" style=\"--awb-bg-size:cover;--awb-width-large:100%;--awb-margin-top-large:0px;--awb-spacing-right-large:1.92%;--awb-margin-bottom-large:0px;--awb-spacing-left-large:1.92%;--awb-width-medium:100%;--awb-spacing-right-medium:1.92%;--awb-spacing-left-medium:1.92%;--awb-width-small:100%;--awb-spacing-right-small:1.92%;--awb-spacing-left-small:1.92%;\"><div class=\"fusion-column-wrapper fusion-flex-justify-content-flex-start fusion-content-layout-column\"><div class=\"fusion-text fusion-text-1\"><h3>Die Mitglieder der F\u00e9d\u00e9ration des Entreprises de Pompes fun\u00e8bres et de Cr\u00e9mation du Grand-Duch\u00e9 de Luxembourg erkennen den folgenden Ehrenkodex an und unterzeichnen ihn:<\/h3>\n<\/div><div class=\"fusion-text fusion-text-2\"><ul>\n<li>Das Verhalten des Bestattungsunternehmers und seiner Mitarbeiter, ihre Handlungen und Leistungen m\u00fcssen vorbildlich sein und d\u00fcrfen dem Berufsstand in keinem Fall schaden.<\/li>\n<\/ul>\n<ul>\n<li>Personen, religi\u00f6se Bekenntnisse, Sitten und Gebr\u00e4uche sind zu respektieren und mit Verst\u00e4ndnis und W\u00fcrde zu behandeln.<\/li>\n<\/ul>\n<ul>\n<li>Der Bestattungsunternehmer und seine Mitarbeiter begleiten die Familien mit Takt und Diskretion.<\/li>\n<\/ul>\n<ul>\n<li>Der Bestatter wendet die lokalen, nationalen und internationalen Bestimmungen, Verordnungen und Vorschriften an.<\/li>\n<\/ul>\n<ul>\n<li>Er\/sie pflegt vertrauensvolle Beziehungen zu seinen\/ihren luxemburgischen und ausl\u00e4ndischen Kollegen und hilft ihnen im Bedarfsfall.<\/li>\n<\/ul>\n<ul>\n<li>Der Bestatter setzt Leichenwagen ein, die den geltenden Vorschriften entsprechen.<\/li>\n<\/ul>\n<ul>\n<li>Die Abrechnung der Dienstleistungen muss transparent sein und die Trauernden m\u00fcssen auf die Kosten der Beerdigung aufmerksam gemacht werden.<\/li>\n<\/ul>\n<ul>\n<li>Nur Mitglieder der F\u00e9d\u00e9ration des Entreprises de Pompes fun\u00e8bres et de Cr\u00e9mation du Grand-Duch\u00e9 de Luxembourg sind berechtigt, das Verbandssiegel in ihrer Werbung und ihren Unterlagen zu verwenden. Dieses Siegel garantiert eine kompetente Durchf\u00fchrung der Bestattung.<\/li>\n<\/ul>\n<ul>\n<li>Ein Versto\u00df gegen den Ehrenkodex kann den Entzug der Erlaubnis zur Verwendung des gesch\u00fctzten Siegels zur Folge haben<\/li>\n<\/ul>\n<\/div><div class=\"fusion-separator fusion-full-width-sep\" style=\"align-self: center;margin-left: auto;margin-right: auto;margin-top:35px;margin-bottom:55px;width:100%;\"><div class=\"fusion-separator-border sep-single sep-solid\" style=\"--awb-height:20px;--awb-amount:20px;--awb-sep-color:#e0e0e0;border-color:#e0e0e0;border-top-width:1px;\"><\/div><\/div><\/div><\/div><\/div><\/div>\n","protected":false},"excerpt":{"rendered":"","protected":false},"author":1,"featured_media":0,"parent":0,"menu_order":0,"comment_status":"closed","ping_status":"closed","template":"100-width.php","meta":{"_bbp_topic_count":0,"_bbp_reply_count":0,"_bbp_total_topic_count":0,"_bbp_total_reply_count":0,"_bbp_voice_count":0,"_bbp_anonymous_reply_count":0,"_bbp_topic_count_hidden":0,"_bbp_reply_count_hidden":0,"_bbp_forum_subforum_count":0,"_exactmetrics_skip_tracking":false,"_exactmetrics_sitenote_active":false,"_exactmetrics_sitenote_note":"","_exactmetrics_sitenote_category":0,"footnotes":""},"class_list":["post-2032","page","type-page","status-publish","hentry"],"_links":{"self":[{"href":"https:\/\/fpf.lu\/de\/wp-json\/wp\/v2\/pages\/2032","targetHints":{"allow":["GET"]}}],"collection":[{"href":"https:\/\/fpf.lu\/de\/wp-json\/wp\/v2\/pages"}],"about":[{"href":"https:\/\/fpf.lu\/de\/wp-json\/wp\/v2\/types\/page"}],"author":[{"embeddable":true,"href":"https:\/\/fpf.lu\/de\/wp-json\/wp\/v2\/users\/1"}],"replies":[{"embeddable":true,"href":"https:\/\/fpf.lu\/de\/wp-json\/wp\/v2\/comments?post=2032"}],"version-history":[{"count":12,"href":"https:\/\/fpf.lu\/de\/wp-json\/wp\/v2\/pages\/2032\/revisions"}],"predecessor-version":[{"id":2194,"href":"https:\/\/fpf.lu\/de\/wp-json\/wp\/v2\/pages\/2032\/revisions\/2194"}],"wp:attachment":[{"href":"https:\/\/fpf.lu\/de\/wp-json\/wp\/v2\/media?parent=2032"}],"curies":[{"name":"wp","href":"https:\/\/api.w.org\/{rel}","templated":true}]}}