{"id":2029,"date":"2016-02-09T17:11:22","date_gmt":"2016-02-09T16:11:22","guid":{"rendered":"https:\/\/fpf.lu\/geschichte-und-missionen\/"},"modified":"2024-08-14T16:59:50","modified_gmt":"2024-08-14T14:59:50","slug":"geschichte-und-missionen","status":"publish","type":"page","link":"https:\/\/fpf.lu\/de\/geschichte-und-missionen\/","title":{"rendered":"GESCHICHTE UND MISSIONEN"},"content":{"rendered":"<div class=\"fusion-fullwidth fullwidth-box fusion-builder-row-1 fusion-flex-container nonhundred-percent-fullwidth non-hundred-percent-height-scrolling\" style=\"--awb-background-position:left top;--awb-border-sizes-top:0px;--awb-border-sizes-bottom:0px;--awb-border-sizes-left:0px;--awb-border-sizes-right:0px;--awb-border-radius-top-left:0px;--awb-border-radius-top-right:0px;--awb-border-radius-bottom-right:0px;--awb-border-radius-bottom-left:0px;--awb-padding-top:90px;--awb-padding-right:15%;--awb-padding-bottom:105px;--awb-padding-left:15%;--awb-flex-wrap:wrap;\" ><div class=\"fusion-builder-row fusion-row fusion-flex-align-items-flex-start fusion-flex-content-wrap\" style=\"max-width:1144px;margin-left: calc(-4% \/ 2 );margin-right: calc(-4% \/ 2 );\"><div class=\"fusion-layout-column fusion_builder_column fusion-builder-column-0 fusion_builder_column_1_1 1_1 fusion-flex-column fusion-flex-align-self-flex-start fusion-column-no-min-height\" style=\"--awb-bg-size:cover;--awb-width-large:100%;--awb-margin-top-large:0px;--awb-spacing-right-large:1.92%;--awb-margin-bottom-large:0px;--awb-spacing-left-large:1.92%;--awb-width-medium:100%;--awb-spacing-right-medium:1.92%;--awb-spacing-left-medium:1.92%;--awb-width-small:100%;--awb-spacing-right-small:1.92%;--awb-spacing-left-small:1.92%;\"><div class=\"fusion-column-wrapper fusion-flex-justify-content-flex-start fusion-content-layout-column\"><div class=\"fusion-text fusion-text-1\"><h3>GESCHICHTE UND MISSIONEN DES VERBANDES:<\/h3>\n<\/div><div class=\"fusion-text fusion-text-2\"><p class=\"p1\"><span class=\"s1\">Viele Jahre lang war der Ableger f\u00fcr Bestattungsunternehmen des Vereins \u201eAssociation des Patrons Menuisiers du Grand-Duch\u00e9 de Luxembourg\u201c der offizielle Vertreter des Bestattungsgewerbes. Dies lag daran, dass die meisten Tischler neben ihrer Hauptt\u00e4tigkeit auch Dienstleistungen f\u00fcr Bestattungsunternehmen anboten, darunter insbesondere die Herstellung von S\u00e4rgen. <\/span><\/p>\n<p class=\"p1\"><span class=\"s1\">Im Laufe der Jahre hat sich das Bestattungsgewerbe stetig weiterentwickelt, was zu einer Professionalisierung der Branche beigetragen hat, die den Kunden h\u00f6chste Qualit\u00e4t bietet. <\/span><\/p>\n<p class=\"p1\"><span class=\"s1\">Aus diesem Grund haben die Vertreter der Sektion Bestattungsunternehmen des Vereins \u201eAssociation des Patrons Menuisiers du Grand-Duch\u00e9 de Luxembourg\u201c am 9. Juli 2004 beschlossen, die \u201eF\u00e9d\u00e9ration des Entreprises des Pompes fun\u00e8bres et de Cr\u00e9mation du Grand-Duch\u00e9 de Luxembourg\u201c zu gr\u00fcnden, deren Ziel es ist, die Interessen der Bestattungsunternehmen zu vertreten:<\/span><\/p>\n<ul>\n<li class=\"li2\"><span class=\"s1\">seine Mitglieder zu beraten und auf nationaler oder internationaler Ebene mit allen als angemessen erachteten Mitteln die gemeinsamen beruflichen, wirtschaftlichen und sozialen Interessen seiner Mitglieder und der Berufe, aus denen sie hervorgehen, zu verteidigen.<\/span><\/li>\n<\/ul>\n<ul>\n<li class=\"li1\"><span class=\"s1\">als st\u00e4ndiges Bindeglied zwischen ihren Mitgliedern zu dienen und den Geist der Berufsehre zu entwickeln sowie die Solidarit\u00e4t zwischen den Angeh\u00f6rigen desselben oder verwandter Berufe zu f\u00f6rdern.<\/span><\/li>\n<\/ul>\n<\/div><div class=\"fusion-separator fusion-full-width-sep\" style=\"align-self: center;margin-left: auto;margin-right: auto;margin-top:35px;margin-bottom:55px;width:100%;\"><div class=\"fusion-separator-border sep-single sep-solid\" style=\"--awb-height:20px;--awb-amount:20px;--awb-sep-color:#e0e0e0;border-color:#e0e0e0;border-top-width:1px;\"><\/div><\/div><div class=\"fusion-separator fusion-full-width-sep\" style=\"align-self: center;margin-left: auto;margin-right: auto;margin-top:20px;margin-bottom:20px;width:100%;\"><\/div><\/div><\/div><div class=\"fusion-layout-column fusion_builder_column fusion-builder-column-1 fusion_builder_column_1_1 1_1 fusion-flex-column\" style=\"--awb-bg-size:cover;--awb-width-large:100%;--awb-margin-top-large:0px;--awb-spacing-right-large:1.92%;--awb-margin-bottom-large:20px;--awb-spacing-left-large:1.92%;--awb-width-medium:100%;--awb-spacing-right-medium:1.92%;--awb-spacing-left-medium:1.92%;--awb-width-small:100%;--awb-spacing-right-small:1.92%;--awb-spacing-left-small:1.92%;\"><div class=\"fusion-column-wrapper fusion-flex-justify-content-flex-start fusion-content-layout-column\"><div style=\"text-align:center;\"><a class=\"fusion-button button-flat button-xlarge button-default fusion-button-default button-1 fusion-button-span-no fusion-button-default-type\" target=\"_blank\" rel=\"noopener noreferrer\" href=\"https:\/\/fpf.lu\/de\/ehrenkodex\/\"><span class=\"fusion-button-text awb-button__text awb-button__text--default\">EHRENKODEX<\/span><\/a><\/div><\/div><\/div><\/div><\/div>\n","protected":false},"excerpt":{"rendered":"","protected":false},"author":1,"featured_media":0,"parent":0,"menu_order":0,"comment_status":"closed","ping_status":"closed","template":"","meta":{"_bbp_topic_count":0,"_bbp_reply_count":0,"_bbp_total_topic_count":0,"_bbp_total_reply_count":0,"_bbp_voice_count":0,"_bbp_anonymous_reply_count":0,"_bbp_topic_count_hidden":0,"_bbp_reply_count_hidden":0,"_bbp_forum_subforum_count":0,"_exactmetrics_skip_tracking":false,"_exactmetrics_sitenote_active":false,"_exactmetrics_sitenote_note":"","_exactmetrics_sitenote_category":0,"footnotes":""},"class_list":["post-2029","page","type-page","status-publish","hentry"],"_links":{"self":[{"href":"https:\/\/fpf.lu\/de\/wp-json\/wp\/v2\/pages\/2029","targetHints":{"allow":["GET"]}}],"collection":[{"href":"https:\/\/fpf.lu\/de\/wp-json\/wp\/v2\/pages"}],"about":[{"href":"https:\/\/fpf.lu\/de\/wp-json\/wp\/v2\/types\/page"}],"author":[{"embeddable":true,"href":"https:\/\/fpf.lu\/de\/wp-json\/wp\/v2\/users\/1"}],"replies":[{"embeddable":true,"href":"https:\/\/fpf.lu\/de\/wp-json\/wp\/v2\/comments?post=2029"}],"version-history":[{"count":4,"href":"https:\/\/fpf.lu\/de\/wp-json\/wp\/v2\/pages\/2029\/revisions"}],"predecessor-version":[{"id":2152,"href":"https:\/\/fpf.lu\/de\/wp-json\/wp\/v2\/pages\/2029\/revisions\/2152"}],"wp:attachment":[{"href":"https:\/\/fpf.lu\/de\/wp-json\/wp\/v2\/media?parent=2029"}],"curies":[{"name":"wp","href":"https:\/\/api.w.org\/{rel}","templated":true}]}}